{"id":916,"date":"2024-12-11T10:02:14","date_gmt":"2024-12-11T10:02:14","guid":{"rendered":"https:\/\/jem-building.definima.net\/our-partners\/"},"modified":"2025-06-16T08:08:17","modified_gmt":"2025-06-16T08:08:17","slug":"our-partners","status":"publish","type":"page","link":"https:\/\/jemglasstrading.definima.net\/en\/our-partners\/","title":{"rendered":"Our offer"},"content":{"rendered":"\t\t<div data-elementor-type=\"wp-page\" data-elementor-id=\"916\" class=\"elementor elementor-916 elementor-130\" data-elementor-post-type=\"page\">\n\t\t\t\t<div class=\"elementor-element elementor-element-e1e2797 e-con-full e-flex e-con e-parent\" data-id=\"e1e2797\" data-element_type=\"container\" data-settings=\"{&quot;background_background&quot;:&quot;classic&quot;}\">\n\t\t<div class=\"elementor-element elementor-element-b6929a8 e-flex e-con-boxed e-con e-child\" data-id=\"b6929a8\" data-element_type=\"container\">\n\t\t\t\t\t<div class=\"e-con-inner\">\n\t\t\t\t<div class=\"elementor-element elementor-element-d177b1b elementor-widget elementor-widget-button\" data-id=\"d177b1b\" data-element_type=\"widget\" data-widget_type=\"button.default\">\n\t\t\t\t<div class=\"elementor-widget-container\">\n\t\t\t\t\t\t\t\t\t<div class=\"elementor-button-wrapper\">\n\t\t\t\t\t<a class=\"elementor-button elementor-button-link elementor-size-sm\" href=\"\/\">\n\t\t\t\t\t\t<span class=\"elementor-button-content-wrapper\">\n\t\t\t\t\t\t\t\t\t<span class=\"elementor-button-text\">Home<\/span>\n\t\t\t\t\t<\/span>\n\t\t\t\t\t<\/a>\n\t\t\t\t<\/div>\n\t\t\t\t\t\t\t\t<\/div>\n\t\t\t\t<\/div>\n\t\t<div class=\"elementor-element elementor-element-65645e0 e-con-full e-flex e-con e-child\" data-id=\"65645e0\" data-element_type=\"container\" data-settings=\"{&quot;background_background&quot;:&quot;classic&quot;}\">\n\t\t\t\t<\/div>\n\t\t\t\t<div class=\"elementor-element elementor-element-7704a98 elementor-widget elementor-widget-button\" data-id=\"7704a98\" data-element_type=\"widget\" data-widget_type=\"button.default\">\n\t\t\t\t<div class=\"elementor-widget-container\">\n\t\t\t\t\t\t\t\t\t<div class=\"elementor-button-wrapper\">\n\t\t\t\t\t<a class=\"elementor-button elementor-button-link elementor-size-sm\" href=\"#\">\n\t\t\t\t\t\t<span class=\"elementor-button-content-wrapper\">\n\t\t\t\t\t\t\t\t\t<span class=\"elementor-button-text\">Our offer<\/span>\n\t\t\t\t\t<\/span>\n\t\t\t\t\t<\/a>\n\t\t\t\t<\/div>\n\t\t\t\t\t\t\t\t<\/div>\n\t\t\t\t<\/div>\n\t\t\t\t\t<\/div>\n\t\t\t\t<\/div>\n\t\t\t\t<\/div>\n\t\t<div class=\"elementor-element elementor-element-a15ded9 e-flex e-con-boxed e-con e-parent\" data-id=\"a15ded9\" data-element_type=\"container\" data-settings=\"{&quot;background_background&quot;:&quot;classic&quot;}\">\n\t\t\t\t\t<div class=\"e-con-inner\">\n\t\t\t\t<div class=\"elementor-element elementor-element-8880fb8 elementor-widget__width-initial elementor-widget elementor-widget-heading\" data-id=\"8880fb8\" data-element_type=\"widget\" data-widget_type=\"heading.default\">\n\t\t\t\t<div class=\"elementor-widget-container\">\n\t\t\t\t\t<h1 class=\"elementor-heading-title elementor-size-default\">Our offer for wholesalers\nand retailers<\/h1>\t\t\t\t<\/div>\n\t\t\t\t<\/div>\n\t\t<div class=\"elementor-element elementor-element-26df11d e-con-full e-flex e-con e-child\" data-id=\"26df11d\" data-element_type=\"container\">\n\t\t\t\t<div class=\"elementor-element elementor-element-f709336 elementor-widget elementor-widget-text-editor\" data-id=\"f709336\" data-element_type=\"widget\" data-widget_type=\"text-editor.default\">\n\t\t\t\t<div class=\"elementor-widget-container\">\n\t\t\t\t\t\t\t\t\t<p>We work with a wide network of suppliers:<br>central purchasing bodies, Premium international suppliers, short-distance producers, etc.<\/p>\t\t\t\t\t\t\t\t<\/div>\n\t\t\t\t<\/div>\n\t\t\t\t<\/div>\n\t\t\t\t\t<\/div>\n\t\t\t\t<\/div>\n\t\t<div class=\"elementor-element elementor-element-7795fcd e-flex e-con-boxed e-con e-parent\" data-id=\"7795fcd\" data-element_type=\"container\" id=\"agc\">\n\t\t\t\t\t<div class=\"e-con-inner\">\n\t\t<div class=\"elementor-element elementor-element-860b4a1 e-con-full e-grid e-con e-child\" data-id=\"860b4a1\" data-element_type=\"container\">\n\t\t<div class=\"elementor-element elementor-element-785fd91 e-con-full e-flex e-con e-child\" data-id=\"785fd91\" data-element_type=\"container\">\n\t\t<div class=\"elementor-element elementor-element-3ffafd0 e-con-full e-flex e-con e-child\" data-id=\"3ffafd0\" data-element_type=\"container\">\n\t\t\t\t<div class=\"elementor-element elementor-element-01cd81f elementor-widget elementor-widget-image\" data-id=\"01cd81f\" data-element_type=\"widget\" data-widget_type=\"image.default\">\n\t\t\t\t<div class=\"elementor-widget-container\">\n\t\t\t\t\t\t\t\t\t\t\t\t\t\t\t<img fetchpriority=\"high\" decoding=\"async\" width=\"485\" height=\"200\" src=\"https:\/\/jemglasstrading.definima.net\/wp-content\/uploads\/2025\/05\/meat.jpg\" class=\"attachment-large size-large wp-image-1186\" alt=\"grossiste produits surgel\u00e9s export viandes poissons volaille afrique europe antilles conteneurs\" srcset=\"https:\/\/jemglasstrading.definima.net\/wp-content\/uploads\/2025\/05\/meat.jpg 485w, https:\/\/jemglasstrading.definima.net\/wp-content\/uploads\/2025\/05\/meat-300x124.jpg 300w\" sizes=\"(max-width: 485px) 100vw, 485px\" \/>\t\t\t\t\t\t\t\t\t\t\t\t\t\t\t<\/div>\n\t\t\t\t<\/div>\n\t\t\t\t<div class=\"elementor-element elementor-element-e011713 elementor-widget elementor-widget-heading\" data-id=\"e011713\" data-element_type=\"widget\" data-widget_type=\"heading.default\">\n\t\t\t\t<div class=\"elementor-widget-container\">\n\t\t\t\t\t<h2 class=\"elementor-heading-title elementor-size-default\">Frozen products in full containers <\/h2>\t\t\t\t<\/div>\n\t\t\t\t<\/div>\n\t\t\t\t<div class=\"elementor-element elementor-element-51d0378 elementor-widget elementor-widget-text-editor\" data-id=\"51d0378\" data-element_type=\"widget\" data-widget_type=\"text-editor.default\">\n\t\t\t\t<div class=\"elementor-widget-container\">\n\t\t\t\t\t\t\t\t\t<p>We offer a <strong>wide range of meat products<\/strong>, as well as <strong>fish from all over the world<\/strong> (Europe, South America, New Zealand, USA, Asia).<\/p><p>The main meats exported are beef, pork, poultry and veal, both offal and \u2018noble\u2019 cuts. The main fish are tilapia, horse mackerel, mackerel, pangasius and hake. However, our team of buyers can source any fish on request.<\/p>\t\t\t\t\t\t\t\t<\/div>\n\t\t\t\t<\/div>\n\t\t\t\t<\/div>\n\t\t\t\t<div class=\"elementor-element elementor-element-2beb249 elementor-widget elementor-widget-button\" data-id=\"2beb249\" data-element_type=\"widget\" data-widget_type=\"button.default\">\n\t\t\t\t<div class=\"elementor-widget-container\">\n\t\t\t\t\t\t\t\t\t<div class=\"elementor-button-wrapper\">\n\t\t\t\t\t<a class=\"elementor-button elementor-button-link elementor-size-sm\" href=\"https:\/\/jemglasstrading.definima.net\/en\/frozen-products-in-full-containers\/\">\n\t\t\t\t\t\t<span class=\"elementor-button-content-wrapper\">\n\t\t\t\t\t\t\t\t\t<span class=\"elementor-button-text\">See products<\/span>\n\t\t\t\t\t<\/span>\n\t\t\t\t\t<\/a>\n\t\t\t\t<\/div>\n\t\t\t\t\t\t\t\t<\/div>\n\t\t\t\t<\/div>\n\t\t\t\t<\/div>\n\t\t<div class=\"elementor-element elementor-element-cf17eb0 e-con-full e-flex e-con e-child\" data-id=\"cf17eb0\" data-element_type=\"container\">\n\t\t<div class=\"elementor-element elementor-element-7ae2563 e-con-full e-flex e-con e-child\" data-id=\"7ae2563\" data-element_type=\"container\">\n\t\t\t\t<div class=\"elementor-element elementor-element-c20125a elementor-widget elementor-widget-image\" data-id=\"c20125a\" data-element_type=\"widget\" data-widget_type=\"image.default\">\n\t\t\t\t<div class=\"elementor-widget-container\">\n\t\t\t\t\t\t\t\t\t\t\t\t\t\t\t<img decoding=\"async\" width=\"485\" height=\"200\" src=\"https:\/\/jemglasstrading.definima.net\/wp-content\/uploads\/2025\/05\/pasta.jpg\" class=\"attachment-large size-large wp-image-1188\" alt=\"distributeur produits secs export \u00e9picerie hygi\u00e8ne boissons afrique oc\u00e9an indien europe conteneurs\" srcset=\"https:\/\/jemglasstrading.definima.net\/wp-content\/uploads\/2025\/05\/pasta.jpg 485w, https:\/\/jemglasstrading.definima.net\/wp-content\/uploads\/2025\/05\/pasta-300x124.jpg 300w\" sizes=\"(max-width: 485px) 100vw, 485px\" \/>\t\t\t\t\t\t\t\t\t\t\t\t\t\t\t<\/div>\n\t\t\t\t<\/div>\n\t\t\t\t<div class=\"elementor-element elementor-element-1980702 elementor-widget elementor-widget-heading\" data-id=\"1980702\" data-element_type=\"widget\" data-widget_type=\"heading.default\">\n\t\t\t\t<div class=\"elementor-widget-container\">\n\t\t\t\t\t<h2 class=\"elementor-heading-title elementor-size-default\">Mixed container frozen products <\/h2>\t\t\t\t<\/div>\n\t\t\t\t<\/div>\n\t\t\t\t<div class=\"elementor-element elementor-element-fc5f46b elementor-widget elementor-widget-text-editor\" data-id=\"fc5f46b\" data-element_type=\"widget\" data-widget_type=\"text-editor.default\">\n\t\t\t\t<div class=\"elementor-widget-container\">\n\t\t\t\t\t\t\t\t\t<p>We can consolidate containers of various types of frozen products from different suppliers.<br>Our deep-frozen warehouse in Rouen receives, stores and stuffs containers in an optimal way, while controlling temperatures.<br>What&#8217;s more, we keep a stock of the best-selling products to fill containers when they are loaded if there is any space left.<\/p><p>In 2024, we acquired a company with long-standing expertise in loading mixed containers.<\/p>\t\t\t\t\t\t\t\t<\/div>\n\t\t\t\t<\/div>\n\t\t\t\t<\/div>\n\t\t\t\t<div class=\"elementor-element elementor-element-6fe1896 elementor-widget elementor-widget-button\" data-id=\"6fe1896\" data-element_type=\"widget\" data-widget_type=\"button.default\">\n\t\t\t\t<div class=\"elementor-widget-container\">\n\t\t\t\t\t\t\t\t\t<div class=\"elementor-button-wrapper\">\n\t\t\t\t\t<a class=\"elementor-button elementor-button-link elementor-size-sm\" href=\"https:\/\/jemglasstrading.definima.net\/en\/mixed-container-frozen-products\/\">\n\t\t\t\t\t\t<span class=\"elementor-button-content-wrapper\">\n\t\t\t\t\t\t\t\t\t<span class=\"elementor-button-text\">See products<\/span>\n\t\t\t\t\t<\/span>\n\t\t\t\t\t<\/a>\n\t\t\t\t<\/div>\n\t\t\t\t\t\t\t\t<\/div>\n\t\t\t\t<\/div>\n\t\t\t\t<\/div>\n\t\t<div class=\"elementor-element elementor-element-7770664 e-con-full e-flex e-con e-child\" data-id=\"7770664\" data-element_type=\"container\">\n\t\t<div class=\"elementor-element elementor-element-66e6689 e-con-full e-flex e-con e-child\" data-id=\"66e6689\" data-element_type=\"container\">\n\t\t\t\t<div class=\"elementor-element elementor-element-fed68f0 elementor-widget elementor-widget-image\" data-id=\"fed68f0\" data-element_type=\"widget\" data-widget_type=\"image.default\">\n\t\t\t\t<div class=\"elementor-widget-container\">\n\t\t\t\t\t\t\t\t\t\t\t\t\t\t\t<img decoding=\"async\" width=\"485\" height=\"200\" src=\"https:\/\/jemglasstrading.definima.net\/wp-content\/uploads\/2025\/05\/container.jpg\" class=\"attachment-large size-large wp-image-1184\" alt=\"conteneurs surgel\u00e9s secs export international produits alimentaires vari\u00e9t\u00e9 toutes destinations\" srcset=\"https:\/\/jemglasstrading.definima.net\/wp-content\/uploads\/2025\/05\/container.jpg 485w, https:\/\/jemglasstrading.definima.net\/wp-content\/uploads\/2025\/05\/container-300x124.jpg 300w\" sizes=\"(max-width: 485px) 100vw, 485px\" \/>\t\t\t\t\t\t\t\t\t\t\t\t\t\t\t<\/div>\n\t\t\t\t<\/div>\n\t\t\t\t<div class=\"elementor-element elementor-element-6f0bf5c elementor-widget elementor-widget-heading\" data-id=\"6f0bf5c\" data-element_type=\"widget\" data-widget_type=\"heading.default\">\n\t\t\t\t<div class=\"elementor-widget-container\">\n\t\t\t\t\t<h2 class=\"elementor-heading-title elementor-size-default\">Dry products<\/h2>\t\t\t\t<\/div>\n\t\t\t\t<\/div>\n\t\t\t\t<div class=\"elementor-element elementor-element-53009fb elementor-widget elementor-widget-text-editor\" data-id=\"53009fb\" data-element_type=\"widget\" data-widget_type=\"text-editor.default\">\n\t\t\t\t<div class=\"elementor-widget-container\">\n\t\t\t\t\t\t\t\t\tWe are in direct contact with a large network of <strong>central purchasing agencies<\/strong> in France, Europe and around the world.\n<\/br><\/br>\nWe have access to the largest central purchasing agencies in France and to well-known manufacturers, and can offer national and international brands, private labels and 1st price products for all departments: groceries, liquids, hygiene, cleaning, etc.\t\t\t\t\t\t\t\t<\/div>\n\t\t\t\t<\/div>\n\t\t\t\t<div class=\"elementor-element elementor-element-88013aa elementor-widget elementor-widget-button\" data-id=\"88013aa\" data-element_type=\"widget\" data-widget_type=\"button.default\">\n\t\t\t\t<div class=\"elementor-widget-container\">\n\t\t\t\t\t\t\t\t\t<div class=\"elementor-button-wrapper\">\n\t\t\t\t\t<a class=\"elementor-button elementor-button-link elementor-size-sm\" href=\"https:\/\/jemglasstrading.definima.net\/en\/dry-products\/\">\n\t\t\t\t\t\t<span class=\"elementor-button-content-wrapper\">\n\t\t\t\t\t\t\t\t\t<span class=\"elementor-button-text\">See products<\/span>\n\t\t\t\t\t<\/span>\n\t\t\t\t\t<\/a>\n\t\t\t\t<\/div>\n\t\t\t\t\t\t\t\t<\/div>\n\t\t\t\t<\/div>\n\t\t\t\t<\/div>\n\t\t\t\t<\/div>\n\t\t\t\t<\/div>\n\t\t\t\t\t<\/div>\n\t\t\t\t<\/div>\n\t\t\t\t<\/div>\n\t\t","protected":false},"excerpt":{"rendered":"<p>Home Our offer Our offer for wholesalers and retailers We work with a wide network of suppliers:central purchasing bodies, Premium international suppliers, short-distance producers, etc. Frozen products in full containers We offer a wide range of meat products, as well as fish from all over the world (Europe, South America, New Zealand, USA, Asia). The [&hellip;]<\/p>\n","protected":false},"author":1,"featured_media":0,"parent":0,"menu_order":0,"comment_status":"closed","ping_status":"closed","template":"","meta":{"inline_featured_image":false,"footnotes":""},"class_list":["post-916","page","type-page","status-publish","hentry"],"yoast_head":"<!-- This site is optimized with the Yoast SEO plugin v25.1 - https:\/\/yoast.com\/wordpress\/plugins\/seo\/ -->\n<title>Our range of frozen, fresh and dry products<\/title>\n<meta name=\"description\" content=\"Explore our food export ranges: quality dry, fresh and frozen products for professionals. Global sourcing and flexible logistics.\" \/>\n<meta name=\"robots\" content=\"noindex, follow, max-snippet:-1, max-image-preview:large, max-video-preview:-1\" \/>\n<meta property=\"og:locale\" content=\"en_US\" \/>\n<meta property=\"og:type\" content=\"article\" \/>\n<meta property=\"og:title\" content=\"Our range of frozen, fresh and dry products\" \/>\n<meta property=\"og:description\" content=\"Explore our food export ranges: quality dry, fresh and frozen products for professionals. Global sourcing and flexible logistics.\" \/>\n<meta property=\"og:url\" content=\"https:\/\/jemglasstrading.definima.net\/en\/our-partners\/\" \/>\n<meta property=\"og:site_name\" content=\"Jem Glass Trading\" \/>\n<meta property=\"article:publisher\" content=\"https:\/\/www.facebook.com\/jemexport\" \/>\n<meta property=\"article:modified_time\" content=\"2025-06-16T08:08:17+00:00\" \/>\n<meta property=\"og:image\" content=\"https:\/\/jemglasstrading.definima.net\/wp-content\/uploads\/2025\/05\/meat.jpg\" \/>\n\t<meta property=\"og:image:width\" content=\"485\" \/>\n\t<meta property=\"og:image:height\" content=\"200\" \/>\n\t<meta property=\"og:image:type\" content=\"image\/jpeg\" \/>\n<meta name=\"twitter:card\" content=\"summary_large_image\" \/>\n<meta name=\"twitter:label1\" content=\"Est. reading time\" \/>\n\t<meta name=\"twitter:data1\" content=\"1 minute\" \/>\n<script type=\"application\/ld+json\" class=\"yoast-schema-graph\">{\"@context\":\"https:\/\/schema.org\",\"@graph\":[{\"@type\":\"WebPage\",\"@id\":\"https:\/\/jemglasstrading.definima.net\/en\/our-partners\/\",\"url\":\"https:\/\/jemglasstrading.definima.net\/en\/our-partners\/\",\"name\":\"Our range of frozen, fresh and dry products\",\"isPartOf\":{\"@id\":\"https:\/\/jemglasstrading.definima.net\/en\/#website\"},\"primaryImageOfPage\":{\"@id\":\"https:\/\/jemglasstrading.definima.net\/en\/our-partners\/#primaryimage\"},\"image\":{\"@id\":\"https:\/\/jemglasstrading.definima.net\/en\/our-partners\/#primaryimage\"},\"thumbnailUrl\":\"https:\/\/jemglasstrading.definima.net\/wp-content\/uploads\/2025\/05\/meat.jpg\",\"datePublished\":\"2024-12-11T10:02:14+00:00\",\"dateModified\":\"2025-06-16T08:08:17+00:00\",\"description\":\"Explore our food export ranges: quality dry, fresh and frozen products for professionals. Global sourcing and flexible logistics.\",\"breadcrumb\":{\"@id\":\"https:\/\/jemglasstrading.definima.net\/en\/our-partners\/#breadcrumb\"},\"inLanguage\":\"en-US\",\"potentialAction\":[{\"@type\":\"ReadAction\",\"target\":[\"https:\/\/jemglasstrading.definima.net\/en\/our-partners\/\"]}]},{\"@type\":\"ImageObject\",\"inLanguage\":\"en-US\",\"@id\":\"https:\/\/jemglasstrading.definima.net\/en\/our-partners\/#primaryimage\",\"url\":\"https:\/\/jemglasstrading.definima.net\/wp-content\/uploads\/2025\/05\/meat.jpg\",\"contentUrl\":\"https:\/\/jemglasstrading.definima.net\/wp-content\/uploads\/2025\/05\/meat.jpg\"},{\"@type\":\"BreadcrumbList\",\"@id\":\"https:\/\/jemglasstrading.definima.net\/en\/our-partners\/#breadcrumb\",\"itemListElement\":[{\"@type\":\"ListItem\",\"position\":1,\"name\":\"Accueil\",\"item\":\"https:\/\/jemglasstrading.definima.net\/en\/jem-building\/\"},{\"@type\":\"ListItem\",\"position\":2,\"name\":\"Our offer\"}]},{\"@type\":\"WebSite\",\"@id\":\"https:\/\/jemglasstrading.definima.net\/en\/#website\",\"url\":\"https:\/\/jemglasstrading.definima.net\/en\/\",\"name\":\"JEM Building\",\"description\":\"Votre partenaire dans l\u2019exportation de produits alimentaires\",\"publisher\":{\"@id\":\"https:\/\/jemglasstrading.definima.net\/en\/#organization\"},\"alternateName\":\"JEM Building\",\"potentialAction\":[{\"@type\":\"SearchAction\",\"target\":{\"@type\":\"EntryPoint\",\"urlTemplate\":\"https:\/\/jemglasstrading.definima.net\/en\/?s={search_term_string}\"},\"query-input\":{\"@type\":\"PropertyValueSpecification\",\"valueRequired\":true,\"valueName\":\"search_term_string\"}}],\"inLanguage\":\"en-US\"},{\"@type\":\"Organization\",\"@id\":\"https:\/\/jemglasstrading.definima.net\/en\/#organization\",\"name\":\"JEM Building\",\"alternateName\":\"JEM Building\",\"url\":\"https:\/\/jemglasstrading.definima.net\/en\/\",\"logo\":{\"@type\":\"ImageObject\",\"inLanguage\":\"en-US\",\"@id\":\"https:\/\/jemglasstrading.definima.net\/en\/#\/schema\/logo\/image\/\",\"url\":\"https:\/\/jemglasstrading.definima.net\/wp-content\/uploads\/2024\/12\/JemFood.svg\",\"contentUrl\":\"https:\/\/jemglasstrading.definima.net\/wp-content\/uploads\/2024\/12\/JemFood.svg\",\"width\":188,\"height\":120,\"caption\":\"JEM Building\"},\"image\":{\"@id\":\"https:\/\/jemglasstrading.definima.net\/en\/#\/schema\/logo\/image\/\"},\"sameAs\":[\"https:\/\/www.facebook.com\/jemexport\",\"https:\/\/www.linkedin.com\/company\/jemexport\/\"]}]}<\/script>\n<!-- \/ Yoast SEO plugin. -->","yoast_head_json":{"title":"Our range of frozen, fresh and dry products","description":"Explore our food export ranges: quality dry, fresh and frozen products for professionals. Global sourcing and flexible logistics.","robots":{"index":"noindex","follow":"follow","max-snippet":"max-snippet:-1","max-image-preview":"max-image-preview:large","max-video-preview":"max-video-preview:-1"},"og_locale":"en_US","og_type":"article","og_title":"Our range of frozen, fresh and dry products","og_description":"Explore our food export ranges: quality dry, fresh and frozen products for professionals. Global sourcing and flexible logistics.","og_url":"https:\/\/jemglasstrading.definima.net\/en\/our-partners\/","og_site_name":"Jem Glass Trading","article_publisher":"https:\/\/www.facebook.com\/jemexport","article_modified_time":"2025-06-16T08:08:17+00:00","og_image":[{"width":485,"height":200,"url":"https:\/\/jemglasstrading.definima.net\/wp-content\/uploads\/2025\/05\/meat.jpg","type":"image\/jpeg"}],"twitter_card":"summary_large_image","twitter_misc":{"Est. reading time":"1 minute"},"schema":{"@context":"https:\/\/schema.org","@graph":[{"@type":"WebPage","@id":"https:\/\/jemglasstrading.definima.net\/en\/our-partners\/","url":"https:\/\/jemglasstrading.definima.net\/en\/our-partners\/","name":"Our range of frozen, fresh and dry products","isPartOf":{"@id":"https:\/\/jemglasstrading.definima.net\/en\/#website"},"primaryImageOfPage":{"@id":"https:\/\/jemglasstrading.definima.net\/en\/our-partners\/#primaryimage"},"image":{"@id":"https:\/\/jemglasstrading.definima.net\/en\/our-partners\/#primaryimage"},"thumbnailUrl":"https:\/\/jemglasstrading.definima.net\/wp-content\/uploads\/2025\/05\/meat.jpg","datePublished":"2024-12-11T10:02:14+00:00","dateModified":"2025-06-16T08:08:17+00:00","description":"Explore our food export ranges: quality dry, fresh and frozen products for professionals. Global sourcing and flexible logistics.","breadcrumb":{"@id":"https:\/\/jemglasstrading.definima.net\/en\/our-partners\/#breadcrumb"},"inLanguage":"en-US","potentialAction":[{"@type":"ReadAction","target":["https:\/\/jemglasstrading.definima.net\/en\/our-partners\/"]}]},{"@type":"ImageObject","inLanguage":"en-US","@id":"https:\/\/jemglasstrading.definima.net\/en\/our-partners\/#primaryimage","url":"https:\/\/jemglasstrading.definima.net\/wp-content\/uploads\/2025\/05\/meat.jpg","contentUrl":"https:\/\/jemglasstrading.definima.net\/wp-content\/uploads\/2025\/05\/meat.jpg"},{"@type":"BreadcrumbList","@id":"https:\/\/jemglasstrading.definima.net\/en\/our-partners\/#breadcrumb","itemListElement":[{"@type":"ListItem","position":1,"name":"Accueil","item":"https:\/\/jemglasstrading.definima.net\/en\/jem-building\/"},{"@type":"ListItem","position":2,"name":"Our offer"}]},{"@type":"WebSite","@id":"https:\/\/jemglasstrading.definima.net\/en\/#website","url":"https:\/\/jemglasstrading.definima.net\/en\/","name":"JEM Building","description":"Votre partenaire dans l\u2019exportation de produits alimentaires","publisher":{"@id":"https:\/\/jemglasstrading.definima.net\/en\/#organization"},"alternateName":"JEM Building","potentialAction":[{"@type":"SearchAction","target":{"@type":"EntryPoint","urlTemplate":"https:\/\/jemglasstrading.definima.net\/en\/?s={search_term_string}"},"query-input":{"@type":"PropertyValueSpecification","valueRequired":true,"valueName":"search_term_string"}}],"inLanguage":"en-US"},{"@type":"Organization","@id":"https:\/\/jemglasstrading.definima.net\/en\/#organization","name":"JEM Building","alternateName":"JEM Building","url":"https:\/\/jemglasstrading.definima.net\/en\/","logo":{"@type":"ImageObject","inLanguage":"en-US","@id":"https:\/\/jemglasstrading.definima.net\/en\/#\/schema\/logo\/image\/","url":"https:\/\/jemglasstrading.definima.net\/wp-content\/uploads\/2024\/12\/JemFood.svg","contentUrl":"https:\/\/jemglasstrading.definima.net\/wp-content\/uploads\/2024\/12\/JemFood.svg","width":188,"height":120,"caption":"JEM Building"},"image":{"@id":"https:\/\/jemglasstrading.definima.net\/en\/#\/schema\/logo\/image\/"},"sameAs":["https:\/\/www.facebook.com\/jemexport","https:\/\/www.linkedin.com\/company\/jemexport\/"]}]}},"_links":{"self":[{"href":"https:\/\/jemglasstrading.definima.net\/en\/wp-json\/wp\/v2\/pages\/916","targetHints":{"allow":["GET"]}}],"collection":[{"href":"https:\/\/jemglasstrading.definima.net\/en\/wp-json\/wp\/v2\/pages"}],"about":[{"href":"https:\/\/jemglasstrading.definima.net\/en\/wp-json\/wp\/v2\/types\/page"}],"author":[{"embeddable":true,"href":"https:\/\/jemglasstrading.definima.net\/en\/wp-json\/wp\/v2\/users\/1"}],"replies":[{"embeddable":true,"href":"https:\/\/jemglasstrading.definima.net\/en\/wp-json\/wp\/v2\/comments?post=916"}],"version-history":[{"count":2,"href":"https:\/\/jemglasstrading.definima.net\/en\/wp-json\/wp\/v2\/pages\/916\/revisions"}],"predecessor-version":[{"id":1612,"href":"https:\/\/jemglasstrading.definima.net\/en\/wp-json\/wp\/v2\/pages\/916\/revisions\/1612"}],"wp:attachment":[{"href":"https:\/\/jemglasstrading.definima.net\/en\/wp-json\/wp\/v2\/media?parent=916"}],"curies":[{"name":"wp","href":"https:\/\/api.w.org\/{rel}","templated":true}]}}